{"id":11,"date":"2025-04-21T14:37:14","date_gmt":"2025-04-21T12:37:14","guid":{"rendered":"http:\/\/simonbrampton.com\/?page_id=11"},"modified":"2025-09-16T15:44:44","modified_gmt":"2025-09-16T13:44:44","slug":"declaracion-de-accesibilidad","status":"publish","type":"page","link":"https:\/\/simonbrampton.com\/en\/declaracion-de-accesibilidad\/","title":{"rendered":"Accessibility statement"},"content":{"rendered":"<h2 class=\"wp-block-heading has-medium-font-size\">. Declaraci\u00f3n de accesibilidad<\/h2>\r\n\r\n\r\n\r\n<p>Esta web se ha comprometido a hacer accesible contenido de conformidad con el criterio de accesibilidad del Programa Kit Digital, conforme a los anexos de la norma UNE-EN 301 549:2022.<\/p>\r\n\r\n\r\n\r\n<h2 class=\"wp-block-heading has-medium-font-size\">2. Situaci\u00f3n de cumplimiento<\/h2>\r\n\r\n\r\n\r\n<p>Las tecnolog\u00edas web en las que se basa la conformidad de la accesibilidad del presente sitio son HTML5, HTML 4.01, CSS, WAI-ARIA, SVG as\u00ed como OTRAS tecnolog\u00edas de la plataforma WordPress url: <a href=\"https:\/\/wordpress.org\" target=\"_blank\" rel=\"noreferrer noopener\">https:\/\/wordpress.org<\/a><\/p>\r\n\r\n\r\n\r\n<p>Con motivo de lo anterior, este sitio web es PARCIALMENTE CONFORME, siendo los aspectos de accesibilidad con los que es conforme la presente web los siguientes:<\/p>\r\n\r\n\r\n\r\n<figure class=\"wp-block-table\">\r\n<table>\r\n<thead>\r\n<tr>\r\n<th>Requisitos web<\/th>\r\n<th>Requisitos software<\/th>\r\n<th>Requisitos documentaci\u00f3n Y servicios de apoyo<\/th>\r\n<\/tr>\r\n<\/thead>\r\n<tbody>\r\n<tr>\r\n<td>9.1.1.1 Contenido no textual 9.1.3.1 Informaci\u00f3n y relaciones 9.1.3.2 Secuencia significativa 9.1.3.3 Caracter\u00edsticas sensoriales 9.1.3.4 Orientaci\u00f3n 9.1.4.1 Uso del Color 9.1.4.3 Contraste (m\u00ednimo) 9.1.4.4 Cambio de tama\u00f1o del texto 9.1.4.5 Im\u00e1genes de texto 9.1.4.10 Reajuste del texto 9.1.4.11 Contraste no textual 9.1.4.12 Espaciado del texto 9.2.1.1 Teclado 9.2.1.2. Sin trampas para el foco del teclado 9.2.3.1 Umbral de tres destellos o menos 9.2.4.2 Titulado de p\u00e1ginas 9.2.4.3 Orden del foco 9.2.4.4 Prop\u00f3sito de los enlaces (en contexto) 9.2.4.5 M\u00faltiples v\u00edas 9.2.4.6 Encabezados y etiquetas 9.2.4.7 Foco visible 9.3.1.1 Idioma de la p\u00e1gina 9.3.1.2 Idioma de las partes 9.3.2.1 Al recibir el foco 9.3.2.2 Al recibir entradas 9.3.2.3 Navegaci\u00f3n coherente 9.3.2.4 Identificaci\u00f3n coherente 9.4.1.1 Procedimiento 9.4.1.3 Mensajes de estado 9.6 Requisitos de conformidad de las Pautas WCAG<\/td>\r\n<td>11.7 Preferencias de usuario 11.8.1 Tecnolog\u00eda de gesti\u00f3n de contenidos 11.8.2 Creaci\u00f3n de contenidos accesibles<\/td>\r\n<td>12.1.1 Caracter\u00edsticas de accesibilidad y compatibilidad 12.1.2 Documentaci\u00f3n accesible 12.2.2 Informaci\u00f3n sobre las caracter\u00edsticas de accesibilidad y compatibilidad 12.2.3 Comunicaci\u00f3n efectiva 12.2.4 Documentaci\u00f3n accesible<\/td>\r\n<\/tr>\r\n<\/tbody>\r\n<\/table>\r\n<\/figure>\r\n\r\n\r\n\r\n<h2 class=\"wp-block-heading has-medium-font-size\">3. Contenido No Accesible<\/h2>\r\n\r\n\r\n\r\n\r\n\r\n\r\n\r\n<h3>9.1.4.3 Contraste (m\u00ednimo)<\/h3>\r\n<p>La presentaci\u00f3n visual de texto e im\u00e1genes de texto tiene una relaci\u00f3n de contraste de al menos 4,5:1, excepto para lo siguiente:<\/p>\r\n<p><strong>\u00b7 Texto grande<\/strong>: El texto y las im\u00e1genes a gran escala de texto a gran escala tienen una relaci\u00f3n de contraste de al menos 3: 1;<\/p>\r\n<p><strong>\u00b7 Incidental<\/strong>: El texto o las im\u00e1genes de texto que forman parte de un componente inactivo de la interfaz de usuario, que son pura decoraci\u00f3n, que no son visibles para nadie, o que forman parte de una imagen que contiene otro contenido visual significativo, no tienen requisitos de contraste.<\/p>\r\n<p><strong>\u00b7 Logotipos<\/strong>: El texto que forma parte de un logotipo o marca no tiene un requisito de contraste m\u00ednimo.<\/p>\r\n<p><a href=\"https:\/\/www.w3.org\/TR\/WCAG\/#contrast-minimum\">https:\/\/www.w3.org\/TR\/WCAG\/#contrast-minimum<\/a><\/p>\r\n<h3>9.1.4.13 Contenido se\u00f1alado con el puntero o que tiene el foco (Condicional)<\/h3>\r\n<p>Donde recibir y luego quitar el puntero o el foco del teclado desencadena contenido adicional para que se vuelva visible y luego se oculte, lo siguiente es cierto:<\/p>\r\n\r\n\r\n\r\n<p>Descartable: Hay un mecanismo disponible para descartar el contenido adicional sin mover el puntero o el foco del teclado, a menos que el contenido adicional comunique un error de entrada o no oculte o reemplace otro contenido; Hoverable: Si el desplazamiento del puntero puede activar el contenido adicional, entonces el puntero se puede mover sobre el contenido adicional sin que desaparezca el contenido adicional; Persistente: El contenido adicional permanece visible hasta que se elimine el disparador de desplazamiento o enfoque, el usuario lo descarte o su informaci\u00f3n ya no sea v\u00e1lida.<\/p>\r\n\r\n\r\n\r\n<h3 class=\"wp-block-heading\">9.2.1.4 Atajos del teclado (Condicional)<\/h3>\r\n\r\n\r\n\r\n<p>Si se implementa un atajo de teclado en el contenido usando solo letras (incluidas letras may\u00fasculas y min\u00fasculas), signos de puntuaci\u00f3n, n\u00fameros o s\u00edmbolos, entonces al menos uno de los siguientes es verdadero:<\/p>\r\n\r\n\r\n\r\n<ul class=\"wp-block-list\">\r\n<li style=\"list-style-type: none;\">\r\n<ul>\r\n<li>Apagar: Hay un mecanismo disponible para desactivar el atajo;<\/li>\r\n<\/ul>\r\n<\/li>\r\n<\/ul>\r\n\r\n\r\n\r\n<ul>\r\n<li style=\"list-style-type: none;\">\r\n<ul>\r\n<li>Reasignar: Hay un mecanismo disponible para reasignar el atajo para usar uno o m\u00e1s caracteres de teclado no imprimibles (por ejemplo, Ctrl, Alt, etc.);<\/li>\r\n<\/ul>\r\n<\/li>\r\n<\/ul>\r\n\r\n\r\n\r\n<ul>\r\n<li style=\"list-style-type: none;\">\r\n<ul>\r\n<li>Activo solo en foco: El m\u00e9todo abreviado de teclado para un componente de la interfaz de usuario solo est\u00e1 activo cuando ese componente tiene el foco.<\/li>\r\n<\/ul>\r\n<\/li>\r\n<\/ul>\r\n\r\n\r\n\r\n<p><a href=\"https:\/\/www.w3.org\/TR\/WCAG\/#character-key-shortcuts\">https:\/\/www.w3.org\/TR\/WCAG\/#character-key-shortcuts<\/a><\/p>\r\n<h3>9.2.4.1 Evitar bloques (Condicional)<\/h3>\r\n<p>Existe un mecanismo para evitar los bloques de contenido que se repiten en m\u00faltiples p\u00e1ginas web.<\/p>\r\n<p><a href=\"https:\/\/www.w3.org\/TR\/WCAG\/#bypass-blocks\">https:\/\/www.w3.org\/TR\/WCAG\/#bypass-blocks<\/a><\/p>\r\n<h3>9.2.4.4 Prop\u00f3sito de los enlaces (en contexto)<\/h3>\r\n<p>El prop\u00f3sito de cada enlace puede ser determinado con s\u00f3lo el texto del enlace o a trav\u00e9s del texto del enlace sumado al contexto del enlace determinado por software, excepto cunado el prop\u00f3sito del enlace resultara ambiguo para los usuarios en general.<\/p>\r\n<p><a href=\"https:\/\/www.w3.org\/TR\/WCAG\/#link-purpose-in-context\">https:\/\/www.w3.org\/TR\/WCAG\/#link-purpose-in-context<\/a><\/p>\r\n<h3>9.2.5.4 Activaci\u00f3n mediante movimiento (Condicional)<\/h3>\r\n\r\n\r\n\r\n\r\n\r\n<p>La funcionalidad que puede ser operada por el movimiento del dispositivo o el movimiento del usuario tambi\u00e9n puede ser operada por los componentes de la interfaz de usuario y la respuesta al movimiento puede desactivarse para evitar la activaci\u00f3n accidental, excepto cuando:<\/p>\r\n\r\n\r\n\r\n<ul class=\"wp-block-list\">\r\n<li style=\"list-style-type: none;\">\r\n<ul>\r\n<li>Interfaz compatible: El movimiento se utiliza para operar la funcionalidad a trav\u00e9s de una interfaz compatible con accesibilidad ;<\/li>\r\n<\/ul>\r\n<\/li>\r\n<\/ul>\r\n\r\n\r\n\r\n<ul>\r\n<li style=\"list-style-type: none;\">\r\n<ul>\r\n<li>B\u00e1sico: El movimiento es esencial para la funci\u00f3n y hacerlo invalidar\u00eda la actividad.<\/li>\r\n<\/ul>\r\n<\/li>\r\n<\/ul>\r\n\r\n\r\n\r\n<p><a href=\"https:\/\/www.w3.org\/TR\/WCAG\/#motion-actuation\">https:\/\/www.w3.org\/TR\/WCAG\/#motion-actuation<\/a><\/p>\r\n<h3>9.2.5.8 Tama\u00f1o del \u00e1rea en la que se puede hacer clic<\/h3>\r\n<p>Las \u00e1reas t\u00e1ctiles no tienen un tama\u00f1o o espacio suficientes: las \u00e1reas t\u00e1ctiles (botones, enlaces, etc.) no deben tener poco espaciado enre s\u00ed, facilitando as\u00ed su uso a personas con movilidad reducida o en dispositivos t\u00e1ctiles.<\/p>\r\n<h3>9.4.1.2 Nombre, funci\u00f3n, valor (Condicional)<\/h3>\r\n<p>Para todos los componentes de la interfaz de usuario (incluyendo pero no limitado a: elementos de formulario, enlaces y componentes generados por scripts), el nombre y la funci\u00f3n pueden ser determinados por software, los estados, propiedades y valores que pueden ser asignados por el usuario pueden ser especificados por software; y los cambios en estos elementos se encuentran disponibles para su consulta por las aplicaciones de usuario, incluyendo las ayudas t\u00e9cnicas.<\/p>\r\n<p><a href=\"https:\/\/\/en\/www.w3.org\/TR\/WCAG\/#name-role-value\">https:www.w3.org\/TR\/WCAG\/#name-role-value<\/a><\/p>\r\n\r\n\r\n\r\n\r\n\r\n<h3>11.8.4 Servicio de reparaci\u00f3n (Condicional)<\/h3>\r\n<p>Condici\u00f3n: Cuando el contenido web sea una herramienta de autor.<\/p>\r\n\r\n\r\n\r\n<p>Si la funcionalidad de verificaci\u00f3n de la accesibilidad de una herramienta de autor puede detectar si el contenido no cumple un requisito de los cap\u00edtulos 9 (Web) o 10 (Documentos no web), seg\u00fan proceda, entonces la herramienta de autor debe proporcionar una(s) sugerencia(s) para su reparaci\u00f3n.<\/p>\r\n\r\n\r\n\r\n<p>NOTA Esto no excluye una reparaci\u00f3n autom\u00e1tica o semiautom\u00e1tica, que es posible (y recomendable) para muchos de los tipos de problemas de accesibilidad del contenido.<\/p>\r\n\r\n\r\n\r\n\r\n\r\n<h3>11.8.5 Plantillas (Condicional)<\/h3>\r\n<p>Condici\u00f3n: Cuando el contenido web sea una herramienta de autor.<\/p>\r\n\r\n\r\n\r\n<p>Si una herramienta de autor proporciona plantillas, debe estar disponible e identificada como tal por lo menos una plantillas que sea compatible con la creaci\u00f3n de contenido conforme a los requisitos de los cap\u00edtulos 9 (Web) o 10 (Documentos no web), seg\u00fan proceda.<\/p>\r\n\r\n\r\n\r\n<h2 class=\"wp-block-heading has-medium-font-size\">4. Preparaci\u00f3n de la presente declaraci\u00f3n de accesibilidad<\/h2>\r\n\r\n\r\n\r\n<p>La presente declaraci\u00f3n fue preparada el 16 de mayo de 2025<\/p>\r\n\r\n\r\n\r\n<p>El m\u00e9todo empleado para preparar la declaraci\u00f3n ha sido la empresa tercera Agua Crea&amp;Comunica, la cual certifica que el presente sitio web corresponde sustancialmente a la interpretaci\u00f3n de la gu\u00eda informativa proporcionada por las pautas WCAG 2.1 AA. En este esfuerzo continuo en la eliminaci\u00f3n de barreras y seguir\u00e1n mejorando este sitio hasta alcanzar una accesibilidad y usabilidad \u00f3ptimas para todos los usuarios<\/p>\r\n\r\n\r\n\r\n<p>\u00daltima revisi\u00f3n de la declaraci\u00f3n: 16 de mayo de 2025<\/p>\r\n\r\n\r\n\r\n<h2 class=\"wp-block-heading has-medium-font-size\">5. Observaciones y datos de contacto<\/h2>\r\n\r\n\r\n\r\n<p>Si encuentra barreras de acceso o problemas con alguna p\u00e1gina o funci\u00f3n de este sitio web que pueda suponer un obst\u00e1culo para los visitantes que quieran acceder a \u00e9l, puede ponerse en contacto en cualquier momento en la direcci\u00f3n de correo electr\u00f3nico del aviso legal.<\/p>\r\n\r\n\r\n\r\n<p class=\"has-text-align-center\">PROGRAMA KIT DIGITAL COFINANCIADO POR LOS FONDOS NEXT GENERATION (EU) DEL MECANISMO DE RECUPERACI\u00d3N Y RESILENCIA<\/p>\r\n\r\n\r\n\r\n<figure class=\"wp-block-image\"><img decoding=\"async\" class=\"wp-image-1593\" src=\"https:\/\/gl-auditores.es\/wp-content\/uploads\/2023\/04\/logo-digitalizacion-kit-digital.png\" alt=\"\" \/><\/figure>","protected":false},"excerpt":{"rendered":"<p>. Declaraci\u00f3n de accesibilidad Esta web se ha comprometido a hacer accesible contenido de conformidad con el criterio de accesibilidad del Programa Kit Digital, conforme a los anexos de la norma UNE-EN 301 549:2022. 2. Situaci\u00f3n de cumplimiento Las tecnolog\u00edas web en las que se basa la conformidad de la accesibilidad del presente sitio son [&hellip;]<\/p>","protected":false},"author":1,"featured_media":0,"parent":0,"menu_order":0,"comment_status":"closed","ping_status":"closed","template":"","meta":{"footnotes":""},"class_list":["post-11","page","type-page","status-publish","hentry"],"_links":{"self":[{"href":"https:\/\/simonbrampton.com\/en\/wp-json\/wp\/v2\/pages\/11","targetHints":{"allow":["GET"]}}],"collection":[{"href":"https:\/\/simonbrampton.com\/en\/wp-json\/wp\/v2\/pages"}],"about":[{"href":"https:\/\/simonbrampton.com\/en\/wp-json\/wp\/v2\/types\/page"}],"author":[{"embeddable":true,"href":"https:\/\/simonbrampton.com\/en\/wp-json\/wp\/v2\/users\/1"}],"replies":[{"embeddable":true,"href":"https:\/\/simonbrampton.com\/en\/wp-json\/wp\/v2\/comments?post=11"}],"version-history":[{"count":10,"href":"https:\/\/simonbrampton.com\/en\/wp-json\/wp\/v2\/pages\/11\/revisions"}],"predecessor-version":[{"id":1155,"href":"https:\/\/simonbrampton.com\/en\/wp-json\/wp\/v2\/pages\/11\/revisions\/1155"}],"wp:attachment":[{"href":"https:\/\/simonbrampton.com\/en\/wp-json\/wp\/v2\/media?parent=11"}],"curies":[{"name":"wp","href":"https:\/\/api.w.org\/{rel}","templated":true}]}}