{"id":12,"date":"2025-04-21T14:37:15","date_gmt":"2025-04-21T12:37:15","guid":{"rendered":"http:\/\/simonbrampton.com\/?page_id=12"},"modified":"2026-03-02T13:52:28","modified_gmt":"2026-03-02T12:52:28","slug":"meet-simon","status":"publish","type":"page","link":"https:\/\/simonbrampton.com\/en\/meet-simon\/","title":{"rendered":"Meet Simon"},"content":{"rendered":"<div data-elementor-type=\"wp-page\" data-elementor-id=\"12\" class=\"elementor elementor-12\" data-elementor-post-type=\"page\">\n\t\t\t\t<div class=\"elementor-element elementor-element-36cf899 e-flex e-con-boxed e-con e-parent\" data-id=\"36cf899\" data-element_type=\"container\">\n\t\t\t\t\t<div class=\"e-con-inner\">\n\t\t\t\t<div class=\"elementor-element elementor-element-ef5dbf5 elementor-widget elementor-widget-heading\" data-id=\"ef5dbf5\" data-element_type=\"widget\" data-widget_type=\"heading.default\">\n\t\t\t\t<div class=\"elementor-widget-container\">\n\t\t\t\t\t<h1 class=\"elementor-heading-title elementor-size-default\">MEET<br>Simon Brampton<\/h1>\t\t\t\t<\/div>\n\t\t\t\t<\/div>\n\t\t\t\t<div class=\"elementor-element elementor-element-a6a9a5a elementor-widget__width-initial elementor-widget elementor-widget-text-editor\" data-id=\"a6a9a5a\" data-element_type=\"widget\" data-widget_type=\"text-editor.default\">\n\t\t\t\t<div class=\"elementor-widget-container\">\n\t\t\t\t\t\t\t\t\t<p>ABC \u2013 Always Be Curious<\/p>\t\t\t\t\t\t\t\t<\/div>\n\t\t\t\t<\/div>\n\t\t\t\t\t<\/div>\n\t\t\t\t<\/div>\n\t\t<div class=\"elementor-element elementor-element-eef7378 e-flex e-con-boxed e-con e-parent\" data-id=\"eef7378\" data-element_type=\"container\" data-settings=\"{&quot;background_background&quot;:&quot;classic&quot;}\">\n\t\t\t\t\t<div class=\"e-con-inner\">\n\t\t\t\t\t<\/div>\n\t\t\t\t<\/div>\n\t\t<div class=\"elementor-element elementor-element-fc0912b e-flex e-con-boxed e-con e-parent\" data-id=\"fc0912b\" data-element_type=\"container\">\n\t\t\t\t\t<div class=\"e-con-inner\">\n\t\t\t\t<div class=\"elementor-element elementor-element-ce5dfed elementor-widget elementor-widget-heading\" data-id=\"ce5dfed\" data-element_type=\"widget\" data-widget_type=\"heading.default\">\n\t\t\t\t<div class=\"elementor-widget-container\">\n\t\t\t\t\t<h2 class=\"elementor-heading-title elementor-size-default\">SPEAK. TEACH. ENTERTAIN.<\/h2>\t\t\t\t<\/div>\n\t\t\t\t<\/div>\n\t\t\t\t<div class=\"elementor-element elementor-element-3e13621 elementor-widget elementor-widget-text-editor\" data-id=\"3e13621\" data-element_type=\"widget\" data-widget_type=\"text-editor.default\">\n\t\t\t\t<div class=\"elementor-widget-container\">\n\t\t\t\t\t\t\t\t\t<p>Every talk puts the audience first. Simon\u2019s philosophy is that every talk or training should be entertaining, engaging and enjoyable\u2014 because you learn best when you\u2019re having fun.<\/p><p>With over 40 years of real-world experience as an employee, entrepreneur, and business owner with more than 50 employees, he shares powerful success mindset strategies and practical tools that the audience can apply immediately in their lives.<\/p>\t\t\t\t\t\t\t\t<\/div>\n\t\t\t\t<\/div>\n\t\t\t\t<div class=\"elementor-element elementor-element-65fc7d2 elementor-widget elementor-widget-button\" data-id=\"65fc7d2\" data-element_type=\"widget\" data-widget_type=\"button.default\">\n\t\t\t\t<div class=\"elementor-widget-container\">\n\t\t\t\t\t\t\t\t\t<div class=\"elementor-button-wrapper\">\n\t\t\t\t\t<a class=\"elementor-button elementor-button-link elementor-size-sm\" href=\"#contacto\">\n\t\t\t\t\t\t<span class=\"elementor-button-content-wrapper\">\n\t\t\t\t\t\t\t\t\t<span class=\"elementor-button-text\">GO TO CONTACT SECTION<\/span>\n\t\t\t\t\t<\/span>\n\t\t\t\t\t<\/a>\n\t\t\t\t<\/div>\n\t\t\t\t\t\t\t\t<\/div>\n\t\t\t\t<\/div>\n\t\t\t\t\t<\/div>\n\t\t\t\t<\/div>\n\t\t<div class=\"elementor-element elementor-element-5c1d68e e-flex e-con-boxed e-con e-parent\" data-id=\"5c1d68e\" data-element_type=\"container\">\n\t\t\t\t\t<div class=\"e-con-inner\">\n\t\t<div class=\"elementor-element elementor-element-3c5210d e-con-full e-flex e-con e-child\" data-id=\"3c5210d\" data-element_type=\"container\">\n\t\t\t\t<div class=\"elementor-element elementor-element-9d77d7f elementor-widget elementor-widget-heading\" data-id=\"9d77d7f\" data-element_type=\"widget\" data-widget_type=\"heading.default\">\n\t\t\t\t<div class=\"elementor-widget-container\">\n\t\t\t\t\t<h2 class=\"elementor-heading-title elementor-size-default\">CHANGE YOUR MINDSET<\/h2>\t\t\t\t<\/div>\n\t\t\t\t<\/div>\n\t\t\t\t<div class=\"elementor-element elementor-element-00e04d4 elementor-widget elementor-widget-text-editor\" data-id=\"00e04d4\" data-element_type=\"widget\" data-widget_type=\"text-editor.default\">\n\t\t\t\t<div class=\"elementor-widget-container\">\n\t\t\t\t\t\t\t\t\t<p>Simon\u2019s journey shows that when you change your mindset and commit to learning and change, anything is possible.<\/p><p>They say \u201cseeing is believing,\u201d but he adds, \u201cbelieving is seeing,\u201d because when you start to believe in yourself and your abilities, results follow, real change happens, and personal transformation can take place.<\/p>\t\t\t\t\t\t\t\t<\/div>\n\t\t\t\t<\/div>\n\t\t\t\t<\/div>\n\t\t<div class=\"elementor-element elementor-element-abed446 e-con-full e-flex e-con e-child\" data-id=\"abed446\" data-element_type=\"container\">\n\t\t\t\t<div class=\"elementor-element elementor-element-afb81e0 elementor-widget elementor-widget-image\" data-id=\"afb81e0\" data-element_type=\"widget\" data-widget_type=\"image.default\">\n\t\t\t\t<div class=\"elementor-widget-container\">\n\t\t\t\t\t\t\t\t\t\t\t\t\t\t\t<img fetchpriority=\"high\" decoding=\"async\" width=\"600\" height=\"600\" src=\"https:\/\/simonbrampton.com\/wp-content\/uploads\/simon-1.jpg\" class=\"attachment-large size-large wp-image-577\" alt=\"Simon Brampton sonriendo\" srcset=\"https:\/\/simonbrampton.com\/wp-content\/uploads\/simon-1.jpg 600w, https:\/\/simonbrampton.com\/wp-content\/uploads\/simon-1-300x300.jpg 300w, https:\/\/simonbrampton.com\/wp-content\/uploads\/simon-1-150x150.jpg 150w\" sizes=\"(max-width: 600px) 100vw, 600px\" \/>\t\t\t\t\t\t\t\t\t\t\t\t\t\t\t<\/div>\n\t\t\t\t<\/div>\n\t\t\t\t<\/div>\n\t\t\t\t\t<\/div>\n\t\t\t\t<\/div>\n\t\t<div class=\"elementor-element elementor-element-a6a1a41 e-flex e-con-boxed e-con e-parent\" data-id=\"a6a1a41\" data-element_type=\"container\">\n\t\t\t\t\t<div class=\"e-con-inner\">\n\t\t<div class=\"elementor-element elementor-element-adfb1fa e-con-full e-flex e-con e-child\" data-id=\"adfb1fa\" data-element_type=\"container\">\n\t\t\t\t<div class=\"elementor-element elementor-element-a441f31 elementor-widget elementor-widget-image\" data-id=\"a441f31\" data-element_type=\"widget\" data-widget_type=\"image.default\">\n\t\t\t\t<div class=\"elementor-widget-container\">\n\t\t\t\t\t\t\t\t\t\t\t\t\t\t\t<img decoding=\"async\" width=\"600\" height=\"600\" src=\"https:\/\/simonbrampton.com\/wp-content\/uploads\/simon-2.jpg\" class=\"attachment-large size-large wp-image-576\" alt=\"Simon Brampton charlando\" srcset=\"https:\/\/simonbrampton.com\/wp-content\/uploads\/simon-2.jpg 600w, https:\/\/simonbrampton.com\/wp-content\/uploads\/simon-2-300x300.jpg 300w, https:\/\/simonbrampton.com\/wp-content\/uploads\/simon-2-150x150.jpg 150w\" sizes=\"(max-width: 600px) 100vw, 600px\" \/>\t\t\t\t\t\t\t\t\t\t\t\t\t\t\t<\/div>\n\t\t\t\t<\/div>\n\t\t\t\t<\/div>\n\t\t<div class=\"elementor-element elementor-element-ebdb949 e-con-full e-flex e-con e-child\" data-id=\"ebdb949\" data-element_type=\"container\">\n\t\t\t\t<div class=\"elementor-element elementor-element-f832296 elementor-widget elementor-widget-heading\" data-id=\"f832296\" data-element_type=\"widget\" data-widget_type=\"heading.default\">\n\t\t\t\t<div class=\"elementor-widget-container\">\n\t\t\t\t\t<h2 class=\"elementor-heading-title elementor-size-default\">40 YEARS OF EXPERIENCE<\/h2>\t\t\t\t<\/div>\n\t\t\t\t<\/div>\n\t\t\t\t<div class=\"elementor-element elementor-element-8016f32 elementor-widget elementor-widget-text-editor\" data-id=\"8016f32\" data-element_type=\"widget\" data-widget_type=\"text-editor.default\">\n\t\t\t\t<div class=\"elementor-widget-container\">\n\t\t\t\t\t\t\t\t\t<p>With over 40 years of experience as an employee, entrepreneur, and business owner with more than 50 employees, Simon has experienced the highs and lows \u2014 from his early days as a barman in Dublin to becoming an entrepreneur and business owner and manager in Barcelona \u2014 without ever losing his optimism or his belief that every challenge and failure is an opportunity to grow.<\/p><p>Through a clever use of humor, insight and real-life examples, he shares powerful success mindset strategies and practical tools that you can start applying right away.<\/p>\t\t\t\t\t\t\t\t<\/div>\n\t\t\t\t<\/div>\n\t\t\t\t<\/div>\n\t\t\t\t\t<\/div>\n\t\t\t\t<\/div>\n\t\t<div class=\"elementor-element elementor-element-ae808fa e-flex e-con-boxed e-con e-parent\" data-id=\"ae808fa\" data-element_type=\"container\" data-settings=\"{&quot;background_background&quot;:&quot;classic&quot;}\">\n\t\t\t\t\t<div class=\"e-con-inner\">\n\t\t\t\t<div class=\"elementor-element elementor-element-c0251fc elementor-widget elementor-widget-heading\" data-id=\"c0251fc\" data-element_type=\"widget\" data-widget_type=\"heading.default\">\n\t\t\t\t<div class=\"elementor-widget-container\">\n\t\t\t\t\t<h2 class=\"elementor-heading-title elementor-size-default\">Follow me on my YouTube Channel<\/h2>\t\t\t\t<\/div>\n\t\t\t\t<\/div>\n\t\t\t\t<div class=\"elementor-element elementor-element-759d2ca elementor-widget elementor-widget-video\" data-id=\"759d2ca\" data-element_type=\"widget\" data-settings=\"{&quot;youtube_url&quot;:&quot;https:\\\/\\\/www.youtube.com\\\/watch?v=GwOB2wSXlog&quot;,&quot;start&quot;:0,&quot;video_type&quot;:&quot;youtube&quot;,&quot;controls&quot;:&quot;yes&quot;}\" data-widget_type=\"video.default\">\n\t\t\t\t<div class=\"elementor-widget-container\">\n\t\t\t\t\t\t\t<div class=\"elementor-wrapper elementor-open-inline\">\n\t\t\t<div class=\"elementor-video\"><\/div>\t\t<\/div>\n\t\t\t\t\t\t<\/div>\n\t\t\t\t<\/div>\n\t\t\t\t<div class=\"elementor-element elementor-element-5da225c elementor-align-center elementor-mobile-align-justify elementor-widget elementor-widget-button\" data-id=\"5da225c\" data-element_type=\"widget\" data-widget_type=\"button.default\">\n\t\t\t\t<div class=\"elementor-widget-container\">\n\t\t\t\t\t\t\t\t\t<div class=\"elementor-button-wrapper\">\n\t\t\t\t\t<a class=\"elementor-button elementor-button-link elementor-size-sm\" href=\"https:\/\/youtu.be\/GwOB2wSXlog?si=1ybgHJMk52WQ-IfH\" target=\"_blank\">\n\t\t\t\t\t\t<span class=\"elementor-button-content-wrapper\">\n\t\t\t\t\t\t\t\t\t<span class=\"elementor-button-text\">GO TO THE YOUTUBE CHANNEL<\/span>\n\t\t\t\t\t<\/span>\n\t\t\t\t\t<\/a>\n\t\t\t\t<\/div>\n\t\t\t\t\t\t\t\t<\/div>\n\t\t\t\t<\/div>\n\t\t\t\t\t<\/div>\n\t\t\t\t<\/div>\n\t\t<div class=\"elementor-element elementor-element-d5e4f47 e-flex e-con-boxed e-con e-parent\" data-id=\"d5e4f47\" data-element_type=\"container\">\n\t\t\t\t\t<div class=\"e-con-inner\">\n\t\t\t\t<div class=\"elementor-element elementor-element-f7a1052 elementor-widget elementor-widget-heading\" data-id=\"f7a1052\" data-element_type=\"widget\" data-widget_type=\"heading.default\">\n\t\t\t\t<div class=\"elementor-widget-container\">\n\t\t\t\t\t<h2 class=\"elementor-heading-title elementor-size-default\">PARTNER COMPANIES<\/h2>\t\t\t\t<\/div>\n\t\t\t\t<\/div>\n\t\t\t\t<div class=\"elementor-element elementor-element-5ee734f elementor-widget__width-initial elementor-widget elementor-widget-gallery\" data-id=\"5ee734f\" data-element_type=\"widget\" data-settings=\"{&quot;columns&quot;:5,&quot;columns_mobile&quot;:6,&quot;gap&quot;:{&quot;unit&quot;:&quot;px&quot;,&quot;size&quot;:50,&quot;sizes&quot;:[]},&quot;aspect_ratio&quot;:&quot;1:1&quot;,&quot;columns_tablet&quot;:6,&quot;lazyload&quot;:&quot;yes&quot;,&quot;gallery_layout&quot;:&quot;grid&quot;,&quot;gap_tablet&quot;:{&quot;unit&quot;:&quot;px&quot;,&quot;size&quot;:10,&quot;sizes&quot;:[]},&quot;gap_mobile&quot;:{&quot;unit&quot;:&quot;px&quot;,&quot;size&quot;:10,&quot;sizes&quot;:[]},&quot;content_hover_animation&quot;:&quot;fade-in&quot;}\" data-widget_type=\"gallery.default\">\n\t\t\t\t<div class=\"elementor-widget-container\">\n\t\t\t\t\t\t\t<div class=\"elementor-gallery__container\">\n\t\t\t\t\t\t\t<div class=\"e-gallery-item elementor-gallery-item elementor-animated-content\">\n\t\t\t\t\t<div class=\"e-gallery-image elementor-gallery-item__image\" data-thumbnail=\"https:\/\/simonbrampton.com\/wp-content\/uploads\/lauda-1.png\" data-width=\"100\" data-height=\"100\" aria-label=\"Logotipo Lauda\" role=\"img\" ><\/div>\n\t\t\t\t\t\t\t\t\t\t\t\t\t\t<\/div>\n\t\t\t\t\t\t\t<div class=\"e-gallery-item elementor-gallery-item elementor-animated-content\">\n\t\t\t\t\t<div class=\"e-gallery-image elementor-gallery-item__image\" data-thumbnail=\"https:\/\/simonbrampton.com\/wp-content\/uploads\/novartis-1.png\" data-width=\"100\" data-height=\"100\" aria-label=\"Logotipo NOVARTIS\" role=\"img\" ><\/div>\n\t\t\t\t\t\t\t\t\t\t\t\t\t\t<\/div>\n\t\t\t\t\t\t\t<div class=\"e-gallery-item elementor-gallery-item elementor-animated-content\">\n\t\t\t\t\t<div class=\"e-gallery-image elementor-gallery-item__image\" data-thumbnail=\"https:\/\/simonbrampton.com\/wp-content\/uploads\/akzonobel-1.png\" data-width=\"100\" data-height=\"100\" aria-label=\"Logotipo AKZONOBEL\" role=\"img\" ><\/div>\n\t\t\t\t\t\t\t\t\t\t\t\t\t\t<\/div>\n\t\t\t\t\t\t\t<div class=\"e-gallery-item elementor-gallery-item elementor-animated-content\">\n\t\t\t\t\t<div class=\"e-gallery-image elementor-gallery-item__image\" data-thumbnail=\"https:\/\/simonbrampton.com\/wp-content\/uploads\/bluespace-1.png\" data-width=\"100\" data-height=\"100\" aria-label=\"Logotipo BLUESPACE\" role=\"img\" ><\/div>\n\t\t\t\t\t\t\t\t\t\t\t\t\t\t<\/div>\n\t\t\t\t\t\t\t<div class=\"e-gallery-item elementor-gallery-item elementor-animated-content\">\n\t\t\t\t\t<div class=\"e-gallery-image elementor-gallery-item__image\" data-thumbnail=\"https:\/\/simonbrampton.com\/wp-content\/uploads\/cadbury-1.png\" data-width=\"100\" data-height=\"100\" aria-label=\"Logotipo CADBURY\" role=\"img\" ><\/div>\n\t\t\t\t\t\t\t\t\t\t\t\t\t\t<\/div>\n\t\t\t\t\t\t\t<div class=\"e-gallery-item elementor-gallery-item elementor-animated-content\">\n\t\t\t\t\t<div class=\"e-gallery-image elementor-gallery-item__image\" data-thumbnail=\"https:\/\/simonbrampton.com\/wp-content\/uploads\/carglass-1.png\" data-width=\"100\" data-height=\"100\" aria-label=\"Logotipo CARGLASS\" role=\"img\" ><\/div>\n\t\t\t\t\t\t\t\t\t\t\t\t\t\t<\/div>\n\t\t\t\t\t\t\t<div class=\"e-gallery-item elementor-gallery-item elementor-animated-content\">\n\t\t\t\t\t<div class=\"e-gallery-image elementor-gallery-item__image\" data-thumbnail=\"https:\/\/simonbrampton.com\/wp-content\/uploads\/ecler-1.png\" data-width=\"100\" data-height=\"100\" aria-label=\"Logotipo ECLER\" role=\"img\" ><\/div>\n\t\t\t\t\t\t\t\t\t\t\t\t\t\t<\/div>\n\t\t\t\t\t\t\t<div class=\"e-gallery-item elementor-gallery-item elementor-animated-content\">\n\t\t\t\t\t<div class=\"e-gallery-image elementor-gallery-item__image\" data-thumbnail=\"https:\/\/simonbrampton.com\/wp-content\/uploads\/esade-1.png\" data-width=\"100\" data-height=\"100\" aria-label=\"Logotipo ESADE\" role=\"img\" ><\/div>\n\t\t\t\t\t\t\t\t\t\t\t\t\t\t<\/div>\n\t\t\t\t\t\t\t<div class=\"e-gallery-item elementor-gallery-item elementor-animated-content\">\n\t\t\t\t\t<div class=\"e-gallery-image elementor-gallery-item__image\" data-thumbnail=\"https:\/\/simonbrampton.com\/wp-content\/uploads\/gallina-blanca-1.png\" data-width=\"100\" data-height=\"100\" aria-label=\"Logotipo GALLINA BLANCA\" role=\"img\" ><\/div>\n\t\t\t\t\t\t\t\t\t\t\t\t\t\t<\/div>\n\t\t\t\t\t\t\t<div class=\"e-gallery-item elementor-gallery-item elementor-animated-content\">\n\t\t\t\t\t<div class=\"e-gallery-image elementor-gallery-item__image\" data-thumbnail=\"https:\/\/simonbrampton.com\/wp-content\/uploads\/greif-1.png\" data-width=\"100\" data-height=\"100\" aria-label=\"Logotipo GREIF\" role=\"img\" ><\/div>\n\t\t\t\t\t\t\t\t\t\t\t\t\t\t<\/div>\n\t\t\t\t\t\t\t<div class=\"e-gallery-item elementor-gallery-item elementor-animated-content\">\n\t\t\t\t\t<div class=\"e-gallery-image elementor-gallery-item__image\" data-thumbnail=\"https:\/\/simonbrampton.com\/wp-content\/uploads\/grifols-1.png\" data-width=\"100\" data-height=\"100\" aria-label=\"Logotipo GRIFOLS\" role=\"img\" ><\/div>\n\t\t\t\t\t\t\t\t\t\t\t\t\t\t<\/div>\n\t\t\t\t\t\t\t<div class=\"e-gallery-item elementor-gallery-item elementor-animated-content\">\n\t\t\t\t\t<div class=\"e-gallery-image elementor-gallery-item__image\" data-thumbnail=\"https:\/\/simonbrampton.com\/wp-content\/uploads\/hospital-1.png\" data-width=\"100\" data-height=\"100\" aria-label=\"Logotipo HOSPITAL BELLVITGE\" role=\"img\" ><\/div>\n\t\t\t\t\t\t\t\t\t\t\t\t\t\t<\/div>\n\t\t\t\t\t\t\t<div class=\"e-gallery-item elementor-gallery-item elementor-animated-content\">\n\t\t\t\t\t<div class=\"e-gallery-image elementor-gallery-item__image\" data-thumbnail=\"https:\/\/simonbrampton.com\/wp-content\/uploads\/intracon-1.png\" data-width=\"100\" data-height=\"100\" aria-label=\"Logotipo INTRACON\" role=\"img\" ><\/div>\n\t\t\t\t\t\t\t\t\t\t\t\t\t\t<\/div>\n\t\t\t\t\t\t\t<div class=\"e-gallery-item elementor-gallery-item elementor-animated-content\">\n\t\t\t\t\t<div class=\"e-gallery-image elementor-gallery-item__image\" data-thumbnail=\"https:\/\/simonbrampton.com\/wp-content\/uploads\/kantar-1.png\" data-width=\"100\" data-height=\"100\" aria-label=\"Logotipo KANTAR\" role=\"img\" ><\/div>\n\t\t\t\t\t\t\t\t\t\t\t\t\t\t<\/div>\n\t\t\t\t\t\t\t<div class=\"e-gallery-item elementor-gallery-item elementor-animated-content\">\n\t\t\t\t\t<div class=\"e-gallery-image elementor-gallery-item__image\" data-thumbnail=\"https:\/\/simonbrampton.com\/wp-content\/uploads\/groupe-seb-1.png\" data-width=\"100\" data-height=\"100\" aria-label=\"Logotipo GROUPE SEB\" role=\"img\" ><\/div>\n\t\t\t\t\t\t\t\t\t\t\t\t\t\t<\/div>\n\t\t\t\t\t\t\t<div class=\"e-gallery-item elementor-gallery-item elementor-animated-content\">\n\t\t\t\t\t<div class=\"e-gallery-image elementor-gallery-item__image\" data-thumbnail=\"https:\/\/simonbrampton.com\/wp-content\/uploads\/gallo-1.png\" data-width=\"100\" data-height=\"100\" aria-label=\"Logotipo GALO\" role=\"img\" ><\/div>\n\t\t\t\t\t\t\t\t\t\t\t\t\t\t<\/div>\n\t\t\t\t\t\t\t<div class=\"e-gallery-item elementor-gallery-item elementor-animated-content\">\n\t\t\t\t\t<div class=\"e-gallery-image elementor-gallery-item__image\" data-thumbnail=\"https:\/\/simonbrampton.com\/wp-content\/uploads\/acco-brands-1.png\" data-width=\"100\" data-height=\"100\" aria-label=\"Logotipo ACCO BRANDS\" role=\"img\" ><\/div>\n\t\t\t\t\t\t\t\t\t\t\t\t\t\t<\/div>\n\t\t\t\t\t\t\t<div class=\"e-gallery-item elementor-gallery-item elementor-animated-content\">\n\t\t\t\t\t<div class=\"e-gallery-image elementor-gallery-item__image\" data-thumbnail=\"https:\/\/simonbrampton.com\/wp-content\/uploads\/frans-bonhomme-1.png\" data-width=\"100\" data-height=\"100\" aria-label=\"Logotipo FRANS BONHOMME\" role=\"img\" ><\/div>\n\t\t\t\t\t\t\t\t\t\t\t\t\t\t<\/div>\n\t\t\t\t\t\t\t<div class=\"e-gallery-item elementor-gallery-item elementor-animated-content\">\n\t\t\t\t\t<div class=\"e-gallery-image elementor-gallery-item__image\" data-thumbnail=\"https:\/\/simonbrampton.com\/wp-content\/uploads\/geic-1.png\" data-width=\"100\" data-height=\"100\" aria-label=\"Logotipo GEIC\" role=\"img\" ><\/div>\n\t\t\t\t\t\t\t\t\t\t\t\t\t\t<\/div>\n\t\t\t\t\t\t\t<div class=\"e-gallery-item elementor-gallery-item elementor-animated-content\">\n\t\t\t\t\t<div class=\"e-gallery-image elementor-gallery-item__image\" data-thumbnail=\"https:\/\/simonbrampton.com\/wp-content\/uploads\/eoi-1.png\" data-width=\"100\" data-height=\"100\" aria-label=\"Logotipo EOI\" role=\"img\" ><\/div>\n\t\t\t\t\t\t\t\t\t\t\t\t\t\t<\/div>\n\t\t\t\t\t<\/div>\n\t\t\t\t\t<\/div>\n\t\t\t\t<\/div>\n\t\t\t\t\t<\/div>\n\t\t\t\t<\/div>\n\t\t\t\t<\/div>","protected":false},"excerpt":{"rendered":"<p>Conoce aSimon Brampton ABC \u2013 Always Be Curious HABLAR. ENSE\u00d1AR. ENTRETENER. Cada charla pone al p\u00fablico en primer lugar. Simon habla, ense\u00f1a y entretiene, porque aprendes mejor cuando te est\u00e1s divirtiendo. Con m\u00e1s de 40 a\u00f1os de experiencia real como empleado, emprendedor y empresario con m\u00e1s de 50 empleados, comparte potentes estrategias de mentalidad de [&hellip;]<\/p>","protected":false},"author":1,"featured_media":0,"parent":0,"menu_order":0,"comment_status":"closed","ping_status":"closed","template":"","meta":{"footnotes":""},"class_list":["post-12","page","type-page","status-publish","hentry"],"_links":{"self":[{"href":"https:\/\/simonbrampton.com\/en\/wp-json\/wp\/v2\/pages\/12","targetHints":{"allow":["GET"]}}],"collection":[{"href":"https:\/\/simonbrampton.com\/en\/wp-json\/wp\/v2\/pages"}],"about":[{"href":"https:\/\/simonbrampton.com\/en\/wp-json\/wp\/v2\/types\/page"}],"author":[{"embeddable":true,"href":"https:\/\/simonbrampton.com\/en\/wp-json\/wp\/v2\/users\/1"}],"replies":[{"embeddable":true,"href":"https:\/\/simonbrampton.com\/en\/wp-json\/wp\/v2\/comments?post=12"}],"version-history":[{"count":107,"href":"https:\/\/simonbrampton.com\/en\/wp-json\/wp\/v2\/pages\/12\/revisions"}],"predecessor-version":[{"id":1325,"href":"https:\/\/simonbrampton.com\/en\/wp-json\/wp\/v2\/pages\/12\/revisions\/1325"}],"wp:attachment":[{"href":"https:\/\/simonbrampton.com\/en\/wp-json\/wp\/v2\/media?parent=12"}],"curies":[{"name":"wp","href":"https:\/\/api.w.org\/{rel}","templated":true}]}}